{"id":11,"date":"2019-11-01T14:16:40","date_gmt":"2019-11-01T14:16:40","guid":{"rendered":"http:\/\/www.laaksonlatu.fi\/?page_id=11"},"modified":"2023-10-06T07:19:40","modified_gmt":"2023-10-06T07:19:40","slug":"11-2","status":"publish","type":"page","link":"https:\/\/www.laaksonlatu.fi\/","title":{"rendered":"Etusivu"},"content":{"rendered":"<p>[et_pb_section fb_built=&#8221;1&#8243; disabled_on=&#8221;off|off|off&#8221; _builder_version=&#8221;4.0.4&#8243; background_image=&#8221;https:\/\/www.laaksonlatu.fi\/wp-content\/uploads\/2019\/11\/Maantaso-ja\u0308a\u0308halli_web.jpg&#8221; min_height=&#8221;581px&#8221; custom_margin=&#8221;0px||||false|false&#8221; custom_padding=&#8221;0px||0px|||&#8221; z_index=&#8221;0&#8243;][\/et_pb_section][et_pb_section fb_built=&#8221;1&#8243; disabled_on=&#8221;on|off|off&#8221; _builder_version=&#8221;4.0.4&#8243; min_height=&#8221;140px&#8221; custom_padding=&#8221;0px||0px|||&#8221;][et_pb_row column_structure=&#8221;1_4,1_4,1_4,1_4&#8243; _builder_version=&#8221;4.0.4&#8243;][et_pb_column type=&#8221;1_4&#8243; _builder_version=&#8221;4.0.4&#8243;][et_pb_image src=&#8221;https:\/\/www.laaksonlatu.fi\/wp-content\/uploads\/2020\/01\/Lukkaroinen-arkkitehdit.png&#8221; url=&#8221;https:\/\/www.lukkaroinen.fi\/&#8221; _builder_version=&#8221;4.0.4&#8243; filter_opacity=&#8221;50%&#8221;][\/et_pb_image][\/et_pb_column][et_pb_column type=&#8221;1_4&#8243; _builder_version=&#8221;4.0.4&#8243;][et_pb_image src=&#8221;https:\/\/www.laaksonlatu.fi\/wp-content\/uploads\/2019\/11\/AW2-arkkitehdit.png&#8221; url=&#8221;https:\/\/aw2.fi\/&#8221; _builder_version=&#8221;4.0.4&#8243; filter_opacity=&#8221;50%&#8221;][\/et_pb_image][\/et_pb_column][et_pb_column type=&#8221;1_4&#8243; _builder_version=&#8221;4.0.4&#8243;][et_pb_image src=&#8221;https:\/\/www.laaksonlatu.fi\/wp-content\/uploads\/2019\/11\/Ta\u0308htiset.png&#8221; url=&#8221;https:\/\/tahti-set.com\/&#8221; _builder_version=&#8221;4.0.4&#8243; filter_opacity=&#8221;50%&#8221;][\/et_pb_image][\/et_pb_column][et_pb_column type=&#8221;1_4&#8243; _builder_version=&#8221;4.0.4&#8243;][et_pb_image src=&#8221;https:\/\/www.laaksonlatu.fi\/wp-content\/uploads\/2019\/11\/UKI-arkkitehdit.png&#8221; url=&#8221;https:\/\/ukiark.fi\/&#8221; _builder_version=&#8221;4.0.4&#8243; filter_opacity=&#8221;50%&#8221;][\/et_pb_image][\/et_pb_column][\/et_pb_row][\/et_pb_section][et_pb_section fb_built=&#8221;1&#8243; _builder_version=&#8221;4.0.4&#8243; custom_padding=&#8221;0px||0px|||&#8221;][et_pb_row column_structure=&#8221;1_2,1_2&#8243; _builder_version=&#8221;4.0.4&#8243;][et_pb_column type=&#8221;1_2&#8243; _builder_version=&#8221;4.0.4&#8243;][et_pb_blurb title=&#8221;Ty\u00f6yhteenliittym\u00e4 Laakson LATU&#8221; use_icon=&#8221;on&#8221; _builder_version=&#8221;4.0.4&#8243; header_level=&#8221;h1&#8243; header_font_size=&#8221;26px&#8221; header_line_height=&#8221;1.3em&#8221; width=&#8221;100%&#8221; custom_margin=&#8221;0px||||false|false&#8221; hover_enabled=&#8221;0&#8243;]<\/p>\n<p>Arkkitehtiryhm\u00e4 Laakson LATU on nelj\u00e4n arkkitehtitoimiston muodostama ty\u00f6yhteenliittym\u00e4, johon kuuluvat kotimaiset arkkitehtitoimistot\u00a0\u00a0<a href=\"https:\/\/www.lukkaroinen.fi\/\"><strong>Lukkaroinen Arkkitehdit Oy<\/strong><\/a>,\u00a0\u00a0<a href=\"https:\/\/www.aw2.fi\/\"><strong>AW2-arkkitehdit<\/strong><\/a>,\u00a0\u00a0<a href=\"https:\/\/tahti-set.com\/\"><strong>Arkkitehtitoimisto T\u00e4hti-Set Oy<\/strong><\/a> sek\u00e4\u00a0\u00a0<a href=\"https:\/\/ukiark.fi\/\"><strong>UKI Arkkitehdit Oy<\/strong><\/a>.<\/p>\n<p>Laakson yhteissairaala toteutetaan allianssimallilla. LATU suunnitteluryhm\u00e4 vastaa hankkeen p\u00e4\u00e4- ja arkkitehtisuunnittelusta.<\/p>\n<p>[\/et_pb_blurb][\/et_pb_column][et_pb_column type=&#8221;1_2&#8243; _builder_version=&#8221;4.0.4&#8243;][et_pb_image src=&#8221;https:\/\/www.laaksonlatu.fi\/wp-content\/uploads\/2019\/11\/Viistoilmakuva-la\u0308nnesta\u0308-web.jpg&#8221; show_in_lightbox=&#8221;on&#8221; _builder_version=&#8221;4.0.4&#8243; box_shadow_style=&#8221;preset1&#8243;][\/et_pb_image][\/et_pb_column][\/et_pb_row][\/et_pb_section][et_pb_section fb_built=&#8221;1&#8243; _builder_version=&#8221;4.0.4&#8243; custom_padding=&#8221;0px||0px|||&#8221;][et_pb_row column_structure=&#8221;1_2,1_2&#8243; _builder_version=&#8221;4.0.4&#8243;][et_pb_column type=&#8221;1_2&#8243; _builder_version=&#8221;4.0.4&#8243;][et_pb_blurb title=&#8221;Hankkeen tiedot&#8221; use_icon=&#8221;on&#8221; _builder_version=&#8221;4.0.4&#8243; header_level=&#8221;h2&#8243; header_font_size=&#8221;20px&#8221; header_line_height=&#8221;1.3em&#8221;]<\/p>\n<p><strong>Tilaaja:<\/strong> Helsingin kaupunki ja Helsingin ja Uudenmaan sairaanhoitopiiri (HUS)<\/p>\n<p><strong>Suunnittelun aloitus:\u00a0<\/strong> \u00a011\/2018<\/p>\n<p><strong>Hankkeen laajuus:<\/strong> n. 123 000 brm2<\/p>\n<p><strong>Budjettiarvio:<\/strong> n. 1 mrd\u20ac<\/p>\n<p>[\/et_pb_blurb][\/et_pb_column][et_pb_column type=&#8221;1_2&#8243; _builder_version=&#8221;4.0.4&#8243;][\/et_pb_column][\/et_pb_row][et_pb_row column_structure=&#8221;1_2,1_2&#8243; _builder_version=&#8221;4.0.4&#8243;][et_pb_column type=&#8221;1_2&#8243; _builder_version=&#8221;4.0.4&#8243;][et_pb_blurb title=&#8221;Laakson yhteissairaalan toiminta&#8221; use_icon=&#8221;on&#8221; _builder_version=&#8221;4.0.4&#8243; header_level=&#8221;h2&#8243; header_font_size=&#8221;20px&#8221; header_line_height=&#8221;1.3em&#8221; width=&#8221;100%&#8221;]<\/p>\n<p>Laakson yhteissairaala on Laakson sairaala-alueelle Helsingin kaupungin ja HUS-yhtym\u00e4n yhteishankkeena toteutettava psykiatrinen ja somaattinen sairaala. Yhteissairaalaan tulee noin 900 sairaansijaa: p\u00e4\u00e4kaupunkiseudun psykiatriselle sairaanhoidolle, HUS-yhtym\u00e4n vaativalle neurologiselle kuntoutukselle ja noin puolelle Helsingin sairaalan somaattisista sairaansijoista. Lis\u00e4ksi rakennetaan tilat n\u00e4it\u00e4 tukeville poliklinikoille, tukipalveluille, opetukselle, tutkimukselle ja hallinnolle.<\/p>\n<p><span class=\"hscoswrapper\">Laakson sairaalalle rakennetaan maanalaiset pys\u00e4k\u00f6inti- ja huoltotilat, ajotunneli Auroran sairaalan portilta sek\u00e4 tunneliyhteys Meilahden ja Laakson alueiden v\u00e4lille. Hankkeessa peruskorjataan lis\u00e4ksi kaksi vanhaa sairaalarakennusta sek\u00e4 Ohkolan alueelle M\u00e4nts\u00e4l\u00e4\u00e4n rakennetaan uusi sairaalarakennus.<\/span> Laakson yhteissairaalan rakentaminen on k\u00e4ynnistynyt kev\u00e4\u00e4ll\u00e4 2023 ja suunnittelu etenee samanaikaisesti.<\/p>\n<p>[\/et_pb_blurb][\/et_pb_column][et_pb_column type=&#8221;1_2&#8243; _builder_version=&#8221;4.0.4&#8243;][\/et_pb_column][\/et_pb_row][\/et_pb_section][et_pb_section fb_built=&#8221;1&#8243; _builder_version=&#8221;4.0.4&#8243; custom_padding=&#8221;45px|||||&#8221;][et_pb_row column_structure=&#8221;1_3,1_3,1_3&#8243; _builder_version=&#8221;4.0.4&#8243;][et_pb_column type=&#8221;1_3&#8243; _builder_version=&#8221;4.0.4&#8243;][et_pb_blurb title=&#8221;Yhteys&#8221; use_icon=&#8221;on&#8221; _builder_version=&#8221;4.0.4&#8243; custom_padding=&#8221;||0px|||&#8221;]<\/p>\n<p>Ty\u00f6yhteenliittym\u00e4 Laakson Latu<\/p>\n<p>K\u00f6ydenpunojankatu 2 F<\/p>\n<p>00180 Helsinki<\/p>\n<p>[\/et_pb_blurb][\/et_pb_column][et_pb_column type=&#8221;1_3&#8243; _builder_version=&#8221;4.0.4&#8243;][et_pb_blurb title=&#8221;Avainhenkil\u00f6t&#8221; use_icon=&#8221;on&#8221; _builder_version=&#8221;4.0.4&#8243;]<\/p>\n<p>Toni V\u00e4is\u00e4nen, P\u00e4\u00e4suunnittelija<\/p>\n<p>+358 400 784198<\/p>\n<p><a href=\"mailto:toni.vaisanen@tahti-set.com\" target=\"_blank\" rel=\"noopener noreferrer\">toni.vaisanen@tahti-set.com<\/a><\/p>\n<p>Matti Anttila, P\u00e4\u00e4suunnittelija<\/p>\n<p>+358 408613740<\/p>\n<p><a href=\"mailto:matti.anttila@aw2.fi\" target=\"_blank\" rel=\"noopener noreferrer\">matti.anttila@aw2.fi<\/a><\/p>\n<p>[\/et_pb_blurb][\/et_pb_column][et_pb_column type=&#8221;1_3&#8243; _builder_version=&#8221;4.0.4&#8243;][et_pb_blurb use_icon=&#8221;on&#8221; _builder_version=&#8221;4.0.4&#8243; custom_margin=&#8221;|||-1px||&#8221; custom_padding=&#8221;27px|||||&#8221;]<\/p>\n<p>Raija-Liisa Miesmaa, Arkkitehti<\/p>\n<p>+358 50\u00a0310 4883<\/p>\n<p><a href=\"mailto:raija-liisa.miesmaa@ukiark.fi\">raija-liisa.miesmaa@ukiark.fi<\/a><\/p>\n<p>Anna Lohilahti, Arkkitehti<\/p>\n<p>+358 50 409 5229<\/p>\n<p><a href=\"mailto:anna.lohilahti@lukkaroinen.fi\">anna.lohilahti@lukkaroinen.fi<\/a><\/p>\n<p>[\/et_pb_blurb][\/et_pb_column][\/et_pb_row][\/et_pb_section][et_pb_section fb_built=&#8221;1&#8243; _builder_version=&#8221;4.0.4&#8243; min_height=&#8221;140px&#8221; custom_padding=&#8221;0px||0px|||&#8221;][et_pb_row column_structure=&#8221;1_4,1_4,1_4,1_4&#8243; _builder_version=&#8221;4.0.4&#8243;][et_pb_column type=&#8221;1_4&#8243; _builder_version=&#8221;4.0.4&#8243;][et_pb_image src=&#8221;https:\/\/www.laaksonlatu.fi\/wp-content\/uploads\/2020\/01\/Lukkaroinen-arkkitehdit.png&#8221; url=&#8221;https:\/\/www.lukkaroinen.fi\/&#8221; _builder_version=&#8221;4.0.4&#8243;][\/et_pb_image][\/et_pb_column][et_pb_column type=&#8221;1_4&#8243; _builder_version=&#8221;4.0.4&#8243;][et_pb_image src=&#8221;https:\/\/www.laaksonlatu.fi\/wp-content\/uploads\/2019\/11\/AW2-arkkitehdit.png&#8221; url=&#8221;https:\/\/aw2.fi\/&#8221; _builder_version=&#8221;4.0.4&#8243;][\/et_pb_image][\/et_pb_column][et_pb_column type=&#8221;1_4&#8243; _builder_version=&#8221;4.0.4&#8243;][et_pb_image src=&#8221;https:\/\/www.laaksonlatu.fi\/wp-content\/uploads\/2019\/11\/Ta\u0308htiset.png&#8221; url=&#8221;https:\/\/tahti-set.com\/&#8221; _builder_version=&#8221;4.0.4&#8243;][\/et_pb_image][\/et_pb_column][et_pb_column type=&#8221;1_4&#8243; _builder_version=&#8221;4.0.4&#8243;][et_pb_image src=&#8221;https:\/\/www.laaksonlatu.fi\/wp-content\/uploads\/2019\/11\/UKI-arkkitehdit.png&#8221; url=&#8221;https:\/\/ukiark.fi\/&#8221; _builder_version=&#8221;4.0.4&#8243;][\/et_pb_image][\/et_pb_column][\/et_pb_row][\/et_pb_section]<\/p>\n\n\n<p><\/p>\n","protected":false},"excerpt":{"rendered":"<p>[et_pb_section fb_built=&#8221;1&#8243; disabled_on=&#8221;off|off|off&#8221; _builder_version=&#8221;4.0.4&#8243; background_image=&#8221;https:\/\/www.laaksonlatu.fi\/wp-content\/uploads\/2019\/11\/Maantaso-ja\u0308a\u0308halli_web.jpg&#8221; min_height=&#8221;581px&#8221; custom_margin=&#8221;0px||||false|false&#8221; custom_padding=&#8221;0px||0px|||&#8221; z_index=&#8221;0&#8243;][\/et_pb_section][et_pb_section fb_built=&#8221;1&#8243; disabled_on=&#8221;on|off|off&#8221; _builder_version=&#8221;4.0.4&#8243; min_height=&#8221;140px&#8221; custom_padding=&#8221;0px||0px|||&#8221;][et_pb_row column_structure=&#8221;1_4,1_4,1_4,1_4&#8243; _builder_version=&#8221;4.0.4&#8243;][et_pb_column type=&#8221;1_4&#8243; _builder_version=&#8221;4.0.4&#8243;][et_pb_image src=&#8221;https:\/\/www.laaksonlatu.fi\/wp-content\/uploads\/2020\/01\/Lukkaroinen-arkkitehdit.png&#8221; url=&#8221;https:\/\/www.lukkaroinen.fi\/&#8221; _builder_version=&#8221;4.0.4&#8243; filter_opacity=&#8221;50%&#8221;][\/et_pb_image][\/et_pb_column][et_pb_column type=&#8221;1_4&#8243; _builder_version=&#8221;4.0.4&#8243;][et_pb_image src=&#8221;https:\/\/www.laaksonlatu.fi\/wp-content\/uploads\/2019\/11\/AW2-arkkitehdit.png&#8221; url=&#8221;https:\/\/aw2.fi\/&#8221; _builder_version=&#8221;4.0.4&#8243; filter_opacity=&#8221;50%&#8221;][\/et_pb_image][\/et_pb_column][et_pb_column type=&#8221;1_4&#8243; _builder_version=&#8221;4.0.4&#8243;][et_pb_image src=&#8221;https:\/\/www.laaksonlatu.fi\/wp-content\/uploads\/2019\/11\/Ta\u0308htiset.png&#8221; url=&#8221;https:\/\/tahti-set.com\/&#8221; _builder_version=&#8221;4.0.4&#8243; filter_opacity=&#8221;50%&#8221;][\/et_pb_image][\/et_pb_column][et_pb_column type=&#8221;1_4&#8243; _builder_version=&#8221;4.0.4&#8243;][et_pb_image src=&#8221;https:\/\/www.laaksonlatu.fi\/wp-content\/uploads\/2019\/11\/UKI-arkkitehdit.png&#8221; url=&#8221;https:\/\/ukiark.fi\/&#8221; _builder_version=&#8221;4.0.4&#8243; filter_opacity=&#8221;50%&#8221;][\/et_pb_image][\/et_pb_column][\/et_pb_row][\/et_pb_section][et_pb_section fb_built=&#8221;1&#8243; _builder_version=&#8221;4.0.4&#8243; custom_padding=&#8221;0px||0px|||&#8221;][et_pb_row column_structure=&#8221;1_2,1_2&#8243; _builder_version=&#8221;4.0.4&#8243;][et_pb_column type=&#8221;1_2&#8243; _builder_version=&#8221;4.0.4&#8243;][et_pb_blurb title=&#8221;Ty\u00f6yhteenliittym\u00e4 Laakson LATU&#8221; use_icon=&#8221;on&#8221; _builder_version=&#8221;4.0.4&#8243; header_level=&#8221;h1&#8243; header_font_size=&#8221;26px&#8221; header_line_height=&#8221;1.3em&#8221; [&hellip;]<\/p>\n","protected":false},"author":1,"featured_media":0,"parent":0,"menu_order":0,"comment_status":"closed","ping_status":"closed","template":"page-template-blank.php","meta":{"_et_pb_use_builder":"on","_et_pb_old_content":""},"_links":{"self":[{"href":"https:\/\/www.laaksonlatu.fi\/index.php?rest_route=\/wp\/v2\/pages\/11"}],"collection":[{"href":"https:\/\/www.laaksonlatu.fi\/index.php?rest_route=\/wp\/v2\/pages"}],"about":[{"href":"https:\/\/www.laaksonlatu.fi\/index.php?rest_route=\/wp\/v2\/types\/page"}],"author":[{"embeddable":true,"href":"https:\/\/www.laaksonlatu.fi\/index.php?rest_route=\/wp\/v2\/users\/1"}],"replies":[{"embeddable":true,"href":"https:\/\/www.laaksonlatu.fi\/index.php?rest_route=%2Fwp%2Fv2%2Fcomments&post=11"}],"version-history":[{"count":67,"href":"https:\/\/www.laaksonlatu.fi\/index.php?rest_route=\/wp\/v2\/pages\/11\/revisions"}],"predecessor-version":[{"id":193,"href":"https:\/\/www.laaksonlatu.fi\/index.php?rest_route=\/wp\/v2\/pages\/11\/revisions\/193"}],"wp:attachment":[{"href":"https:\/\/www.laaksonlatu.fi\/index.php?rest_route=%2Fwp%2Fv2%2Fmedia&parent=11"}],"curies":[{"name":"wp","href":"https:\/\/api.w.org\/{rel}","templated":true}]}}